{"id":2576,"date":"2013-02-22T16:14:00","date_gmt":"2013-02-22T14:14:00","guid":{"rendered":"http:\/\/www.danielmathisen.com\/?page_id=2576"},"modified":"2023-12-05T19:15:08","modified_gmt":"2023-12-05T18:15:08","slug":"ettan","status":"publish","type":"page","link":"https:\/\/www.danielmathisen.com\/","title":{"rendered":"Frilansjournalist och f\u00f6rfattare"},"content":{"rendered":"<p>Jag skriver ledare, kr\u00f6nikor, reportage och kulturtexter. Producerar \u00e4ven copy och budskap f\u00f6r folkr\u00f6relser och organisationer, liksom f\u00f6rel\u00e4ser om politik och skrivande. Mitt huvudintresse \u00e4r samh\u00e4lle, politik och kultur. Inte minst fr\u00e5gor om makt och m\u00e4nniskors m\u00f6jligheter. Jobbar \u00e4ven som redakt\u00f6r p\u00e5 halvtid f\u00f6r bokf\u00f6rlaget Atlas.<\/p>\n<p>F\u00f6rfattare till <a href=\"https:\/\/www.adlibris.com\/se\/bok\/ska-det-bli-folk-av-oss-9789174450583\"><em>Ska det bli folk av oss? En bok om <\/em><em>gemenskap<\/em><\/a>, som kommer ut h\u00f6sten 2023.<\/p>\n<p>Bland uppdragsgivarna: Dagens Arena, Expo, Aftonbladet Kultur, Dagens Arbete, Berghs School of Communication, Arbetet, Hyresg\u00e4stf\u00f6reningen, Omv\u00e4rlden, Tiden.<\/p>\n<p>F\u00f6ddes i Nordnorge 1984. Bor i Stockholm. Masterexamen i journalistik fr\u00e5n JMK i Stockholm, kandidatexamen i statsvetenskap med bland annat nationalekonomi. Bland tidigare jobb: reporter p\u00e5 Dagens Industri, chefredakt\u00f6r p\u00e5 Frihet och politisk chefredakt\u00f6r p\u00e5 Dagens Arena.<\/p>\n<p>Har \u00e4ven skrivit boken <em>SSU 100 &#8211; Mellan vision och verklighet<\/em> och medverkat i flera antologier, bland andra <em>Det moderata skyltf\u00f6nstret \u2013 tolv \u00e5r i Stockholms l\u00e4n<\/em> och <em>Folkr\u00f6relser \u2013 sk\u00e4rp er!<\/em>.<\/p>\n<p>&nbsp;<\/p>\n<p>\u25ba \u25ba \u25ba<\/p>\n<p>&nbsp;&nbsp;<\/p>\n<p><img decoding=\"async\" loading=\"lazy\" class=\"\" src=\"http:\/\/www.dagensarena.se\/files\/2017\/01\/daniel_mathisen1.png\" width=\"163\" height=\"59\"><\/p>\n","protected":false},"excerpt":{"rendered":"<p>Jag skriver ledare, kr\u00f6nikor, reportage och kulturtexter. Producerar \u00e4ven copy och budskap f\u00f6r folkr\u00f6relser och organisationer, liksom f\u00f6rel\u00e4ser om politik och skrivande. Mitt huvudintresse \u00e4r samh\u00e4lle, politik och kultur. Inte minst fr\u00e5gor om makt och m\u00e4nniskors m\u00f6jligheter. Jobbar \u00e4ven som redakt\u00f6r p\u00e5 halvtid f\u00f6r bokf\u00f6rlaget Atlas. F\u00f6rfattare till Ska det bli folk av oss? En bok om gemenskap, som kommer ut h\u00f6sten 2023. Bland uppdragsgivarna: Dagens Arena, Expo, Aftonbladet Kultur, Dagens Arbete, Berghs School of Communication, Arbetet, Hyresg\u00e4stf\u00f6reningen, Omv\u00e4rlden, Tiden. F\u00f6ddes i Nordnorge 1984. Bor i Stockholm. Masterexamen i journalistik fr\u00e5n JMK i Stockholm, kandidatexamen i statsvetenskap med bland annat nationalekonomi. Bland tidigare jobb: reporter p\u00e5 Dagens Industri, chefredakt\u00f6r p\u00e5 Frihet och politisk chefredakt\u00f6r p\u00e5 Dagens Arena. Har \u00e4ven skrivit boken SSU 100 &#8211; Mellan vision och verklighet och medverkat i flera antologier, bland andra Det moderata skyltf\u00f6nstret \u2013 tolv \u00e5r i Stockholms l\u00e4n och Folkr\u00f6relser \u2013 sk\u00e4rp er!. &nbsp;&hellip;<\/p>\n<p> <a class=\"more-link\" href=\"https:\/\/www.danielmathisen.com\/\">Read more<\/a><\/p>\n","protected":false},"author":1,"featured_media":0,"parent":0,"menu_order":0,"comment_status":"closed","ping_status":"closed","template":"","meta":{"footnotes":""},"_links":{"self":[{"href":"https:\/\/www.danielmathisen.com\/index.php?rest_route=\/wp\/v2\/pages\/2576"}],"collection":[{"href":"https:\/\/www.danielmathisen.com\/index.php?rest_route=\/wp\/v2\/pages"}],"about":[{"href":"https:\/\/www.danielmathisen.com\/index.php?rest_route=\/wp\/v2\/types\/page"}],"author":[{"embeddable":true,"href":"https:\/\/www.danielmathisen.com\/index.php?rest_route=\/wp\/v2\/users\/1"}],"replies":[{"embeddable":true,"href":"https:\/\/www.danielmathisen.com\/index.php?rest_route=%2Fwp%2Fv2%2Fcomments&post=2576"}],"version-history":[{"count":76,"href":"https:\/\/www.danielmathisen.com\/index.php?rest_route=\/wp\/v2\/pages\/2576\/revisions"}],"predecessor-version":[{"id":3071,"href":"https:\/\/www.danielmathisen.com\/index.php?rest_route=\/wp\/v2\/pages\/2576\/revisions\/3071"}],"wp:attachment":[{"href":"https:\/\/www.danielmathisen.com\/index.php?rest_route=%2Fwp%2Fv2%2Fmedia&parent=2576"}],"curies":[{"name":"wp","href":"https:\/\/api.w.org\/{rel}","templated":true}]}}